{"id":15,"date":"2014-06-20T12:13:10","date_gmt":"2014-06-20T12:13:10","guid":{"rendered":"http:\/\/www.globospi.com\/wp_pruebas\/?page_id=15"},"modified":"2024-05-14T09:51:57","modified_gmt":"2024-05-14T09:51:57","slug":"travessa-de-la-cerdanya","status":"publish","type":"page","link":"http:\/\/www.globospi.com\/es\/travessa-de-la-cerdanya\/","title":{"rendered":"El Vuelo en Globo"},"content":{"rendered":"<p><\/p>\n<h3><strong>Traves\u00eda de La Cerdanya<\/strong><\/h3>\n<p><strong>Montaje<\/strong><\/p>\n<p>Nos encontramos en el <a title=\"\u201c\u00bfC\u00f3mo\">Aer\u00f3dromo de La Cerdanya<\/a>, d\u00f3nde hacemos un <strong>caf\u00e9 de buenos d\u00edas todos<\/strong> juntos y nos preparamos para el <strong>montaje<\/strong> del globo.<\/p>\n<p>El montaje dura m\u00e1s o menos media hora, y es un buen momento para participar, tomar fotograf\u00edas y preguntar al equipo de vuelo curiosidades y dudas sobre c\u00f3mo funcionan <strong>los globos<\/strong>.<a href=\"http:\/\/www.globospi.com\/wp_pruebas\/wp-content\/uploads\/2014\/06\/globospi.com-elvolenglobus11.jpg\"><img loading=\"lazy\" class=\"aligncenter wp-image-512 size-full\" src=\"http:\/\/www.globospi.com\/wp_pruebas\/wp-content\/uploads\/2014\/06\/globospi.com-elvolenglobus11.jpg\" alt=\"\" width=\"1024\" height=\"683\" srcset=\"http:\/\/www.globospi.com\/wp_pruebas\/wp-content\/uploads\/2014\/06\/globospi.com-elvolenglobus11.jpg 1024w, http:\/\/www.globospi.com\/wp_pruebas\/wp-content\/uploads\/2014\/06\/globospi.com-elvolenglobus11-300x200.jpg 300w\" sizes=\"(max-width: 1024px) 100vw, 1024px\" \/><\/a><\/p>\n<p style=\"text-align: justify;\"><strong>El vuelo en Globo<\/strong><\/p>\n<p style=\"text-align: justify;\">Una vez terminados todos los preparativos, empieza el vuelo.<\/p>\n<p>\u00bfD\u00f3nde vamos a aterrizar? <strong>Disfrutamos<\/strong> del placer de no saberlo. El globo no tiene tim\u00f3n: el piloto decide en cada momento qu\u00e9 altura quiere tomar para buscar diferentes corrientes de aire que lo desplacen hacia un lugar o hacia otro. <strong>Cada dia es una nueva experiencia y cada vuelo es distinto<\/strong>.<\/p>\n<p>Se suelen tomar atitudes de hasta 2500 o 3000 m sobre el nivel del mar, que en La Cerdanya equivalen a unos <strong>1500 m sobre el nivel del suelo<\/strong>. El espectacular paisaje del valle queda al descubierto bajo nuestros pies en un entorno de paz y tranquilidad. A partir de una hora de vuelo, el piloto empieza a buscar un buen lugar para tomar tierra. El vuelo entero suele durar entre una hora y una hora y media. En resumen: la <strong>aventura<\/strong> est\u00e1 servida.<\/p>\n<p><a href=\"http:\/\/www.globospi.com\/wp_pruebas\/wp-content\/uploads\/2014\/06\/globospi.com-elvolenglobus2.jpg\"><img loading=\"lazy\" class=\"aligncenter wp-image-510 size-full\" src=\"http:\/\/www.globospi.com\/wp_pruebas\/wp-content\/uploads\/2014\/06\/globospi.com-elvolenglobus2.jpg\" alt=\"globospi.com-elvolenglobus2\" width=\"1024\" height=\"768\" srcset=\"http:\/\/www.globospi.com\/wp_pruebas\/wp-content\/uploads\/2014\/06\/globospi.com-elvolenglobus2.jpg 1024w, http:\/\/www.globospi.com\/wp_pruebas\/wp-content\/uploads\/2014\/06\/globospi.com-elvolenglobus2-300x225.jpg 300w\" sizes=\"(max-width: 1024px) 100vw, 1024px\" \/><\/a><\/p>\n<p><strong>La recogida<\/strong><\/p>\n<p style=\"text-align: justify;\">Cuando empieza el vuelo nos sigue el <strong>4&#215;4<\/strong>, con el que el piloto mantiene comunicaci\u00f3n por radio para informarle de su posici\u00f3n y de sus intenciones.<\/p>\n<p>Cuando aterrizamos, <strong>recogemos el globo entre todos y brindamos con cava<\/strong> para celebrar la aventura.<\/p>\n<p><strong><img loading=\"lazy\" class=\"alignright wp-image-426 size-medium\" src=\"http:\/\/www.globospi.com\/wp_pruebas\/wp-content\/uploads\/2014\/06\/IMG_2654-300x200.jpg\" alt=\"IMG_2654\" width=\"300\" height=\"200\" srcset=\"http:\/\/www.globospi.com\/wp_pruebas\/wp-content\/uploads\/2014\/06\/IMG_2654-300x200.jpg 300w, http:\/\/www.globospi.com\/wp_pruebas\/wp-content\/uploads\/2014\/06\/IMG_2654.jpg 400w\" sizes=\"(max-width: 300px) 100vw, 300px\" \/>El almuerzo<\/strong><\/p>\n<p style=\"text-align: justify;\">Finalmente, vamos <strong>todos juntos a almorzar<\/strong> en el restaurante del Aer\u00f3dromo. Es un buen momento para que los pasajeros pregunten relajadamente y aprendan m\u00e1s sobre globos y el mundo de la aerostaci\u00f3n en general, intercambiemos datos para las <strong>fotos del vuelo<\/strong> y el <strong>diploma de vuelo<\/strong>.<\/p>\n<p>&#8212;&#8212;&#8212;&#8212;&#8212;&#8212;&#8212;&#8212;&#8212;&#8212;&#8212;&#8212;&#8211;<\/p>\n<p><strong>Info &amp; Precios &amp; Reservas<\/strong><\/p>\n<p style=\"text-align: justify;\">El vuelo tiene una duraci\u00f3n aproximada de entre una hora y 1h y 1\/2. El conjunto de la actividad, de unas 4 horas. Los vuelos son siempre a primera hora de la ma\u00f1ana, sobre las 8:00 h.<\/p>\n<p>Precio de adulto: <em><strong>160 \u20ac\/persona<\/strong><\/em><\/p>\n<p>Precio de ni\u00f1o\/a (hasta 12 a\u00f1os): <strong><em>85 \u20ac\/persona<\/em><\/strong><\/p>\n<p>Precio del almuerzo (opcional): <strong><em>10 \u20ac\/persona<\/em><\/strong><\/p>\n<p>Precio de grupo: <a title=\"Contacte\" href=\"http:\/\/www.globospi.com\/es\/contacte\/\"><strong><em>solicitar presupuesto personalizado.<\/em><\/strong><\/a><\/p>\n<p>Se puede hacer la <strong> <a title=\"Reserves\" href=\"http:\/\/www.globospi.com\/es\/reservas\/\">reserva online<\/a><\/strong>, por tel\u00e9fono o por e-mail, o solicitarla mediante el <a title=\"Contacte\" href=\"http:\/\/www.globospi.com\/es\/contacte\/\">formulario de contacto<\/a>.<\/p>\n<p>Para hacer la reserva se debe indicar nombre y tel\u00e9fono de contacto, informar del d\u00eda o d\u00edas que se quiere volar y el n\u00famero de personas.<\/p>\n<p>El <strong>pago<\/strong> se puede hacer mediante la reserva online, por transferencia bancaria o en efectivo el mismo d\u00eda del vuelo.<\/p>\n<div class=\"contenedor\"><iframe loading=\"lazy\" src=\"http:\/\/player.vimeo.com\/video\/39638242\" width=\"300\" height=\"150\"><\/iframe><\/div>\n<p><\/p>","protected":false},"excerpt":{"rendered":"<p>Traves\u00eda de La Cerdanya Montaje Nos encontramos en el Aer\u00f3dromo de La Cerdanya, d\u00f3nde hacemos un caf\u00e9 de buenos d\u00edas todos juntos y nos preparamos para el montaje del globo. El montaje dura m\u00e1s o menos media hora, y es un buen momento para participar, tomar fotograf\u00edas y preguntar al&hellip; <\/p>\n","protected":false},"author":1,"featured_media":0,"parent":0,"menu_order":0,"comment_status":"closed","ping_status":"closed","template":"","meta":{"_monsterinsights_skip_tracking":false,"_monsterinsights_sitenote_active":false,"_monsterinsights_sitenote_note":"","_monsterinsights_sitenote_category":0},"_links":{"self":[{"href":"http:\/\/www.globospi.com\/es\/wp-json\/wp\/v2\/pages\/15"}],"collection":[{"href":"http:\/\/www.globospi.com\/es\/wp-json\/wp\/v2\/pages"}],"about":[{"href":"http:\/\/www.globospi.com\/es\/wp-json\/wp\/v2\/types\/page"}],"author":[{"embeddable":true,"href":"http:\/\/www.globospi.com\/es\/wp-json\/wp\/v2\/users\/1"}],"replies":[{"embeddable":true,"href":"http:\/\/www.globospi.com\/es\/wp-json\/wp\/v2\/comments?post=15"}],"version-history":[{"count":128,"href":"http:\/\/www.globospi.com\/es\/wp-json\/wp\/v2\/pages\/15\/revisions"}],"predecessor-version":[{"id":897,"href":"http:\/\/www.globospi.com\/es\/wp-json\/wp\/v2\/pages\/15\/revisions\/897"}],"wp:attachment":[{"href":"http:\/\/www.globospi.com\/es\/wp-json\/wp\/v2\/media?parent=15"}],"curies":[{"name":"wp","href":"https:\/\/api.w.org\/{rel}","templated":true}]}}