{"id":2,"date":"2014-06-20T04:50:58","date_gmt":"2014-06-20T04:50:58","guid":{"rendered":"http:\/\/www.globospi.com\/wp_pruebas\/?page_id=2"},"modified":"2024-05-02T10:23:08","modified_gmt":"2024-05-02T10:23:08","slug":"pagina-ejemplo","status":"publish","type":"page","link":"http:\/\/www.globospi.com\/es\/","title":{"rendered":"Inicio"},"content":{"rendered":"<p><\/p>\n<p style=\"text-align: justify;\"><strong>Globus de la Cerdanya<\/strong>\u00a0somos una empresa dedicada a los vuelos tur\u00edsticos en La Cerdanya con una larga experiencia en vuelos en globo en la\u00a0comarca.<\/p>\n<p style=\"text-align: justify;\">Con sede en el <strong>Aer\u00f3dromo de La Cerdanya<\/strong>, hemos volado desde 1992, y no nos cansamos, porque cada d\u00eda es una nueva experiencia y cada vuelo es distinto.<\/p>\n<p style=\"text-align: justify;\">Todo el equipo de Globus de la Cerdanya est\u00e1 formado por <strong>gente de la Cerdanya<\/strong>, apasionados de la aerostaci\u00f3n que han hecho de su pasi\u00f3n una profesi\u00f3n.<\/p>\n<p><\/p>","protected":false},"excerpt":{"rendered":"<p>Globus de la Cerdanya\u00a0somos una empresa dedicada a los vuelos tur\u00edsticos en La Cerdanya con una larga experiencia en vuelos en globo en la\u00a0comarca. Con sede en el Aer\u00f3dromo de La Cerdanya, hemos volado desde 1992, y no nos cansamos, porque cada d\u00eda es una nueva experiencia y cada vuelo&hellip; <\/p>\n","protected":false},"author":1,"featured_media":0,"parent":0,"menu_order":0,"comment_status":"closed","ping_status":"closed","template":"","meta":{"_monsterinsights_skip_tracking":false,"_monsterinsights_sitenote_active":false,"_monsterinsights_sitenote_note":"","_monsterinsights_sitenote_category":0},"_links":{"self":[{"href":"http:\/\/www.globospi.com\/es\/wp-json\/wp\/v2\/pages\/2"}],"collection":[{"href":"http:\/\/www.globospi.com\/es\/wp-json\/wp\/v2\/pages"}],"about":[{"href":"http:\/\/www.globospi.com\/es\/wp-json\/wp\/v2\/types\/page"}],"author":[{"embeddable":true,"href":"http:\/\/www.globospi.com\/es\/wp-json\/wp\/v2\/users\/1"}],"replies":[{"embeddable":true,"href":"http:\/\/www.globospi.com\/es\/wp-json\/wp\/v2\/comments?post=2"}],"version-history":[{"count":122,"href":"http:\/\/www.globospi.com\/es\/wp-json\/wp\/v2\/pages\/2\/revisions"}],"predecessor-version":[{"id":894,"href":"http:\/\/www.globospi.com\/es\/wp-json\/wp\/v2\/pages\/2\/revisions\/894"}],"wp:attachment":[{"href":"http:\/\/www.globospi.com\/es\/wp-json\/wp\/v2\/media?parent=2"}],"curies":[{"name":"wp","href":"https:\/\/api.w.org\/{rel}","templated":true}]}}