{"id":706,"date":"2014-09-17T19:54:00","date_gmt":"2014-09-17T19:54:00","guid":{"rendered":"http:\/\/www.globospi.com\/?page_id=706"},"modified":"2014-09-17T20:37:57","modified_gmt":"2014-09-17T20:37:57","slug":"condiciones-generales-para-la-contratacion","status":"publish","type":"page","link":"https:\/\/www.globospi.com\/en\/condiciones-generales-para-la-contratacion\/","title":{"rendered":"CONDICIONES GENERALES PARA LA CONTRATACI\u00d3N"},"content":{"rendered":"<p><\/p>\n<p><\/p>\n<h3>CONDICIONES GENERALES PARA LA CONTRATACI\u00d3N<\/h3>\n<p>En cumplimiento de la Ley 34\/2002 de Servicios de la Sociedad de la Informaci\u00f3n y del Comercio Electr\u00f3nico (LSSICE), te informamos que globospi.com es un dominio de Internet y marca registrada por GLOBUS DE LA CERDANYA, S.L (en adelante, globospi.com)<br \/>\nCondiciones generales de contrataci\u00f3n entre globospi.com y el usuario:<\/p>\n<p>1. El usuario declara que es mayor de edad (mayor de 18 a\u00f1os) y dispone de capacidad legal necesaria para contratar los servicios ofertados en la web de globospi.com , de acuerdo con las condiciones m\u00e1s abajo desglosadas, las cuales declara comprender y aceptar.<\/p>\n<p>En el caso de contrataci\u00f3n por menores de edad, se requiere la autorizaci\u00f3n de los padres o tutores para poder disfrutar del servicio contratado. El usuario es el \u00fanico responsable de la veracidad y exactitud de los datos proporcionados a globospi.com en el proceso de reserva.<\/p>\n<p>El usuario se compromete a utilizar los servicios y contenidos en nuestro sitio web de conformidad con la Ley y los t\u00e9rminos y condiciones generales y particulares de los servicios que ofrece globospi.com en cada momento, debiendo abstenerse de emplearlos para:<\/p>\n<p>(a) Introducir en la red programas de datos susceptibles de provocar da\u00f1os en los sistemas inform\u00e1ticos de globospi.com, sus proveedores o terceros usuarios de la red interna o de este sitio web.<\/p>\n<p>(b) Realizar actividades il\u00edcitas, contrarias a la buena fe, a las costumbres, a la moral o al orden p\u00fablico.<\/p>\n<p>(c) Realizar actividades que constituyan una infracci\u00f3n de la regulaci\u00f3n sobre propiedad intelectual e industrial o cualquier otra norma del ordenamiento jur\u00eddico aplicable.<\/p>\n<p>(d) Reproducir, duplicar, vender o explotar para fines comerciales cualquier contenido del sitio web.<\/p>\n<p>(e) Difundir contenidos de car\u00e1cter racista, xen\u00f3fobo, pornogr\u00e1fico, de apolog\u00eda del terrorismo y\/o que atenten contra los derechos humanos.<\/p>\n<p>2. El usuario es el responsable de facilitar sus datos correctamente en los procesos de contrataci\u00f3n establecidos en la p\u00e1gina web de globospi.com, debiendo prestar especial atenci\u00f3n en cuanto a la introducci\u00f3n de los datos relativos a la direcci\u00f3n de entrega de los pedidos y documentos, as\u00ed como los nombres de las terceras personas respecto a las cuales introduzca sus datos, previa autorizaci\u00f3n de dichas terceras personas, debiendo en todo momento el usuario introducir todos los datos de identificaci\u00f3n de modo correcto y tal y como aparecen en el DNI o pasaporte.<\/p>\n<p>3. globospi.com es titular de la base de datos generada con los datos de car\u00e1cter personal suministrados por los usuarios en el proceso de compra de productos a trav\u00e9s de nuestra p\u00e1gina web. globospi.com se compromete al cumplimiento de su obligaci\u00f3n de secreto de los datos de car\u00e1cter personal y de su deber de tratarlos con confidencialidad con arreglo a lo previsto en la legislaci\u00f3n vigente en Espa\u00f1a en materia de protecci\u00f3n de datos de car\u00e1cter personal.<\/p>\n<p>4. El usuario acepta que los datos personales facilitados en el proceso de compra de nuestros productos sean incorporados a un fichero automatizado, cuya titularidad corresponde a globospi.com, con la finalidad de prestar adecuadamente el servicio solicitado, dar cumplimiento a los requisitos de facturaci\u00f3n, contabilidad y auditor\u00eda de la compa\u00f1\u00eda, realizar an\u00e1lisis estad\u00edsticos, verificar tarjetas de cr\u00e9dito y otras tarjetas de pago, as\u00ed como realizar encuestas de satisfacci\u00f3n y comunicaciones comerciales por correo electr\u00f3nico sobre otros productos que se comercializan a trav\u00e9s de la p\u00e1gina web de globospi.com y que globospi.com considere que podr\u00edan ser del inter\u00e9s del usuario, por ser similares a los contratados. En caso de que el usuario no desee recibir comunicaciones comerciales por medios electr\u00f3nicos puede dirigirse en cualquier momento a globospi.com enviando un correo electr\u00f3nico a la siguiente direcci\u00f3n info@globospi.com. El usuario tambi\u00e9n podr\u00e1 ejercer sus derechos sus derechos de acceso, rectificaci\u00f3n, cancelaci\u00f3n y oposici\u00f3n mediante comunicaci\u00f3n escrita, adjuntando fotocopia del DNI o documento identificativo equivalente, ante globospi.com: GLOBUS DE LA CERDANYA S.L., C\/Llevant, n\u00ba1 Casa 4, 17529 Vilallobent (Puigcerd\u00e0).<\/p>\n<p>5. El usuario responder\u00e1, en cualquier caso, de la veracidad de los datos facilitados y se responsabilizar\u00e1 de comunicar a globospi.com cualquier modificaci\u00f3n en los mismos, reserv\u00e1ndose globospi.com el derecho a excluir de los servicios registrados a todo usuario que haya facilitado datos falsos, sin perjuicio de las dem\u00e1s acciones que procedan en Derecho.<\/p>\n<p>6. Todos los contenidos, marcas, logos, dibujos etc. que figuran en la web de globospi.com, se hallan protegidos por los derechos de propiedad intelectual e industrial que son expresamente reservados por globospi.com o, en su caso, por las personas o empresas que figuran como autores o titulares de los derechos. La violaci\u00f3n de los anteriores derechos ser\u00e1 perseguida de conformidad con la legislaci\u00f3n vigente.<\/p>\n<p>Por lo tanto, queda prohibida la reproducci\u00f3n, explotaci\u00f3n, alteraci\u00f3n, distribuci\u00f3n o comunicaci\u00f3n p\u00fablica por cualquier t\u00edtulo o medio de la totalidad de los contenidos de la p\u00e1gina web de globospi.com para usos diferentes de la leg\u00edtima informaci\u00f3n o contrataci\u00f3n por los usuarios de los servicios ofertados. En todo caso ser\u00e1 necesario el consentimiento previo por escrito de globospi.com.<\/p>\n<p>7. Si cualquier cl\u00e1usula incluida en estas condiciones generales fuese declarada, total o parcialmente, nula o ineficaz, tal nulidad o ineficacia afectar\u00e1 tan s\u00f3lo a dicha disposici\u00f3n o a la parte de la misma que resulte nula o ineficaz, subsistiendo las condiciones generales en todo lo dem\u00e1s, teni\u00e9ndose tal disposici\u00f3n, o la parte de la misma que resultase afectada, por no puesta.<\/p>\n<p>8. El usuario acepta que la legislaci\u00f3n aplicable al funcionamiento de este servicio es la espa\u00f1ola. Ser\u00e1n competentes para conocer de las divergencias que se deriven de la interpretaci\u00f3n o aplicaci\u00f3n de este clausulado los Jueces y Tribunales del domicilio del consumidor.<\/p>\n<p>9. Los precios finales indicados en pantalla incluyen el I.V.A. y cualesquiera otros impuestos o tasas que fuera de aplicaci\u00f3n, al tipo vigente en el momento de la contrataci\u00f3n.<\/p>\n<p><\/p>","protected":false},"excerpt":{"rendered":"<p>CONDICIONES GENERALES PARA LA CONTRATACI\u00d3N En cumplimiento de la Ley 34\/2002 de Servicios de la Sociedad de la Informaci\u00f3n y del Comercio Electr\u00f3nico (LSSICE), te informamos que globospi.com es un dominio de Internet y marca registrada por GLOBUS DE LA CERDANYA, S.L (en adelante, globospi.com) Condiciones generales de contrataci\u00f3n entre&hellip; <\/p>\n","protected":false},"author":2,"featured_media":0,"parent":0,"menu_order":0,"comment_status":"closed","ping_status":"closed","template":"","meta":{"_monsterinsights_skip_tracking":false,"_monsterinsights_sitenote_active":false,"_monsterinsights_sitenote_note":"","_monsterinsights_sitenote_category":0},"_links":{"self":[{"href":"https:\/\/www.globospi.com\/en\/wp-json\/wp\/v2\/pages\/706"}],"collection":[{"href":"https:\/\/www.globospi.com\/en\/wp-json\/wp\/v2\/pages"}],"about":[{"href":"https:\/\/www.globospi.com\/en\/wp-json\/wp\/v2\/types\/page"}],"author":[{"embeddable":true,"href":"https:\/\/www.globospi.com\/en\/wp-json\/wp\/v2\/users\/2"}],"replies":[{"embeddable":true,"href":"https:\/\/www.globospi.com\/en\/wp-json\/wp\/v2\/comments?post=706"}],"version-history":[{"count":4,"href":"https:\/\/www.globospi.com\/en\/wp-json\/wp\/v2\/pages\/706\/revisions"}],"predecessor-version":[{"id":710,"href":"https:\/\/www.globospi.com\/en\/wp-json\/wp\/v2\/pages\/706\/revisions\/710"}],"wp:attachment":[{"href":"https:\/\/www.globospi.com\/en\/wp-json\/wp\/v2\/media?parent=706"}],"curies":[{"name":"wp","href":"https:\/\/api.w.org\/{rel}","templated":true}]}}