{"id":51,"date":"2014-06-21T09:48:14","date_gmt":"2014-06-21T09:48:14","guid":{"rendered":"http:\/\/www.globospi.com\/wp_pruebas\/?page_id=51"},"modified":"2024-05-14T09:58:02","modified_gmt":"2024-05-14T09:58:02","slug":"vols-exclusius","status":"publish","type":"page","link":"https:\/\/www.globospi.com\/es\/vols-exclusius\/","title":{"rendered":"Vuelos Exclusivos"},"content":{"rendered":"<p><\/p>\n<h3>\u00bfQu\u00e9 es un vuelo exclusivo?<\/h3>\n<p>Un vuelo exclusivo es aquel en el que en el globo s\u00f3lo volar\u00e9is vosotros y, l\u00f3gicamente, el piloto. La diferencia respecto al vuelo normal es que tendr\u00e9is exclusividad, es decir, <strong>no ir\u00e9is acompa\u00f1ados de otros pasajeros<\/strong>.<\/p>\n<p>Si quieres hacer un vuelo con tu pareja, o el acompa\u00f1ante que desees, y prefieres que <strong>solamente os acompa\u00f1e el piloto<\/strong>, ponte en contacto con nosotros para hacer un vuelo exclusivo.<\/p>\n<p>Precio de un vuelo exclusivo para dos personas: <strong>600 \u20ac<\/strong><br \/>\nPrecio del desayuno(opcional): <strong>10 \u20ac\/persona<\/strong><\/p>\n<p><img loading=\"lazy\" class=\"alignleft\" src=\"\/images\/globospi.com-volsexclusius2.jpg\" alt=\"\" width=\"256\" height=\"168\" \/><\/p>\n<p><img loading=\"lazy\" class=\"alignright\" src=\"\/images\/globospi.com-volsexclusius3.jpg\" alt=\"\" width=\"256\" height=\"168\" \/><\/p>","protected":false},"excerpt":{"rendered":"<p>\u00bfQu\u00e9 es un vuelo exclusivo? Un vuelo exclusivo es aquel en el que en el globo s\u00f3lo volar\u00e9is vosotros y, l\u00f3gicamente, el piloto. La diferencia respecto al vuelo normal es que tendr\u00e9is exclusividad, es decir, no ir\u00e9is acompa\u00f1ados de otros pasajeros. Si quieres hacer un vuelo con tu pareja, o&hellip; <\/p>\n","protected":false},"author":1,"featured_media":0,"parent":0,"menu_order":0,"comment_status":"closed","ping_status":"open","template":"","meta":{"_monsterinsights_skip_tracking":false,"_monsterinsights_sitenote_active":false,"_monsterinsights_sitenote_note":"","_monsterinsights_sitenote_category":0},"_links":{"self":[{"href":"https:\/\/www.globospi.com\/es\/wp-json\/wp\/v2\/pages\/51"}],"collection":[{"href":"https:\/\/www.globospi.com\/es\/wp-json\/wp\/v2\/pages"}],"about":[{"href":"https:\/\/www.globospi.com\/es\/wp-json\/wp\/v2\/types\/page"}],"author":[{"embeddable":true,"href":"https:\/\/www.globospi.com\/es\/wp-json\/wp\/v2\/users\/1"}],"replies":[{"embeddable":true,"href":"https:\/\/www.globospi.com\/es\/wp-json\/wp\/v2\/comments?post=51"}],"version-history":[{"count":22,"href":"https:\/\/www.globospi.com\/es\/wp-json\/wp\/v2\/pages\/51\/revisions"}],"predecessor-version":[{"id":900,"href":"https:\/\/www.globospi.com\/es\/wp-json\/wp\/v2\/pages\/51\/revisions\/900"}],"wp:attachment":[{"href":"https:\/\/www.globospi.com\/es\/wp-json\/wp\/v2\/media?parent=51"}],"curies":[{"name":"wp","href":"https:\/\/api.w.org\/{rel}","templated":true}]}}