{"id":666,"date":"2014-08-07T11:59:25","date_gmt":"2014-08-07T11:59:25","guid":{"rendered":"http:\/\/www.globospi.com\/?page_id=666"},"modified":"2022-08-18T18:16:05","modified_gmt":"2022-08-18T18:16:05","slug":"reservas","status":"publish","type":"page","link":"https:\/\/www.globospi.com\/es\/reservas\/","title":{"rendered":"Reservas"},"content":{"rendered":"<p><\/p>\n<p>La actividad incluye\u00a0caf\u00e9 de buenos d\u00edas, vuelo en globo por la Cerdanya, brindis con cava al aterrizar, diplomas y reportaje fotogr\u00e1fico de la aventura.<\/p>\n<p>Despu\u00e9s, hay la opci\u00f3n de hacer el desayuno \u00abde pay\u00e9s\u00bb. Es opcional y tiene un coste a\u00f1adido de 10 \u20ac\/persona.<\/p>\n<p>Se puede hacer la reserva online mediante el siguiente formulario:<\/p>\n<p><\/p>","protected":false},"excerpt":{"rendered":"<p>La actividad incluye\u00a0caf\u00e9 de buenos d\u00edas, vuelo en globo por la Cerdanya, brindis con cava al aterrizar, diplomas y reportaje fotogr\u00e1fico de la aventura. Despu\u00e9s, hay la opci\u00f3n de hacer el desayuno \u00abde pay\u00e9s\u00bb. Es opcional y tiene un coste a\u00f1adido de 10 \u20ac\/persona. Se puede hacer la reserva online&hellip; <\/p>\n","protected":false},"author":2,"featured_media":0,"parent":0,"menu_order":0,"comment_status":"closed","ping_status":"closed","template":"","meta":{"_monsterinsights_skip_tracking":false,"_monsterinsights_sitenote_active":false,"_monsterinsights_sitenote_note":"","_monsterinsights_sitenote_category":0},"_links":{"self":[{"href":"https:\/\/www.globospi.com\/es\/wp-json\/wp\/v2\/pages\/666"}],"collection":[{"href":"https:\/\/www.globospi.com\/es\/wp-json\/wp\/v2\/pages"}],"about":[{"href":"https:\/\/www.globospi.com\/es\/wp-json\/wp\/v2\/types\/page"}],"author":[{"embeddable":true,"href":"https:\/\/www.globospi.com\/es\/wp-json\/wp\/v2\/users\/2"}],"replies":[{"embeddable":true,"href":"https:\/\/www.globospi.com\/es\/wp-json\/wp\/v2\/comments?post=666"}],"version-history":[{"count":11,"href":"https:\/\/www.globospi.com\/es\/wp-json\/wp\/v2\/pages\/666\/revisions"}],"predecessor-version":[{"id":882,"href":"https:\/\/www.globospi.com\/es\/wp-json\/wp\/v2\/pages\/666\/revisions\/882"}],"wp:attachment":[{"href":"https:\/\/www.globospi.com\/es\/wp-json\/wp\/v2\/media?parent=666"}],"curies":[{"name":"wp","href":"https:\/\/api.w.org\/{rel}","templated":true}]}}