{"id":74,"date":"2014-06-21T10:15:24","date_gmt":"2014-06-21T10:15:24","guid":{"rendered":"http:\/\/www.globospi.com\/wp_pruebas\/?page_id=74"},"modified":"2015-06-14T16:02:53","modified_gmt":"2015-06-14T16:02:53","slug":"com-arribar","status":"publish","type":"page","link":"https:\/\/www.globospi.com\/es\/com-arribar\/","title":{"rendered":"\u00bfC\u00f3mo Llegar?"},"content":{"rendered":"<p>Estamos en el <strong>Aer\u00f3dromo de La Cerda\u00f1a<\/strong>, al que se llega c\u00f3modamente desde el pueblo de <strong>Alp<\/strong>. Para llegar, no es necesario entrar en el pueblo. Desde el cruce del pueblo con la carretera E-9 sale un caminito en direcci\u00f3n al Aer\u00f3dromo.<\/p>\n<p><iframe loading=\"lazy\" src=\"http:\/\/maps.google.es\/maps?f=q&amp;source=s_q&amp;hl=es&amp;geocode=&amp;q=aerodrom+de+la+cerdanya&amp;aq=&amp;sll=40.396764,-3.713379&amp;sspn=15.548932,16.655273&amp;ie=UTF8&amp;hq=aerodrom+de+la+cerdanya&amp;hnear=&amp;ll=42.388726,1.863556&amp;spn=0.071946,0.071946&amp;t=m&amp;output=embed\" width=\"100%\" height=\"545\" frameborder=\"0\" marginwidth=\"0\" marginheight=\"0\" scrolling=\"no\"><\/iframe><\/p>","protected":false},"excerpt":{"rendered":"<p>Estamos en el Aer\u00f3dromo de La Cerda\u00f1a, al que se llega c\u00f3modamente desde el pueblo de Alp. Para llegar, no es necesario entrar en el pueblo. Desde el cruce del pueblo con la carretera E-9 sale un caminito en direcci\u00f3n al Aer\u00f3dromo.<\/p>\n","protected":false},"author":1,"featured_media":0,"parent":0,"menu_order":0,"comment_status":"closed","ping_status":"open","template":"","meta":{"_monsterinsights_skip_tracking":false,"_monsterinsights_sitenote_active":false,"_monsterinsights_sitenote_note":"","_monsterinsights_sitenote_category":0},"_links":{"self":[{"href":"https:\/\/www.globospi.com\/es\/wp-json\/wp\/v2\/pages\/74"}],"collection":[{"href":"https:\/\/www.globospi.com\/es\/wp-json\/wp\/v2\/pages"}],"about":[{"href":"https:\/\/www.globospi.com\/es\/wp-json\/wp\/v2\/types\/page"}],"author":[{"embeddable":true,"href":"https:\/\/www.globospi.com\/es\/wp-json\/wp\/v2\/users\/1"}],"replies":[{"embeddable":true,"href":"https:\/\/www.globospi.com\/es\/wp-json\/wp\/v2\/comments?post=74"}],"version-history":[{"count":8,"href":"https:\/\/www.globospi.com\/es\/wp-json\/wp\/v2\/pages\/74\/revisions"}],"predecessor-version":[{"id":376,"href":"https:\/\/www.globospi.com\/es\/wp-json\/wp\/v2\/pages\/74\/revisions\/376"}],"wp:attachment":[{"href":"https:\/\/www.globospi.com\/es\/wp-json\/wp\/v2\/media?parent=74"}],"curies":[{"name":"wp","href":"https:\/\/api.w.org\/{rel}","templated":true}]}}