{"id":89,"date":"2014-06-24T21:20:20","date_gmt":"2014-06-24T21:20:20","guid":{"rendered":"http:\/\/www.globospi.com\/wp_pruebas\/?page_id=89"},"modified":"2014-07-21T16:00:40","modified_gmt":"2014-07-21T16:00:40","slug":"politica-de-cookies-y-privacidad","status":"publish","type":"page","link":"https:\/\/www.globospi.com\/es\/politica-de-cookies-y-privacidad\/","title":{"rendered":"Pol\u00edtica de Cookies y Privacidad"},"content":{"rendered":"<p><\/p>\n<h2>Pol\u00edtica de Cookies y Privacidad<\/h2>\n<p>Una cookie es un fichero que se descarga en el ordenador\/smartphone\/tablet del usuario al acceder a determinadas p\u00e1ginas web para almacenar y recuperar informaci\u00f3n sobre la navegaci\u00f3n que se efect\u00faa desde dicho equipo. Para conocer m\u00e1s informaci\u00f3n sobre las cookies, GLOBUS DE LA CERDANYA, S.L.. le invita a acceder al siguiente enlace: <a title=\"Agencia Espa\u00f1ola de Protecci\u00f3n de Datos - Guia Uso de Cookies \" href=\"http:\/\/www.agpd.es\/portalwebAGPD\/canaldocumentacion\/publicaciones\/common\/Guias\/Guia_Cookies.pdf\" target=\"_blank\">http:\/\/www.agpd.es\/portalwebAGPD\/canaldocumentacion\/publicaciones\/common\/Guias\/Guia_Cookies.pdf<\/a><\/p>\n<p>GLOBUS DE LA CERDANYA, S.L. utiliza en este sitio web las siguientes cookies que se detallan a continuaci\u00f3n:<\/p>\n<p><strong>1) cookies estrictamente necesarias<\/strong> para la prestaci\u00f3n de determinados servicios solicitados expresamente por el usuario: si se desactivan estas cookies, no podr\u00e1 recibir correctamente nuestros contenidos y servicios.<\/p>\n<p><strong>2) cookies anal\u00edticas<\/strong> (para el seguimiento y an\u00e1lisis estad\u00edstico del comportamiento del conjunto de los usuarios): si se desactivan estas cookies, el sitio web podr\u00e1 seguir funcionando sin perjuicio de que la informaci\u00f3n captada por estas cookies sobre el uso de nuestra web permite mejorar nuestros servicios y ofrecerle mejores contenidos.<\/p>","protected":false},"excerpt":{"rendered":"<p>Pol\u00edtica de Cookies y Privacidad Una cookie es un fichero que se descarga en el ordenador\/smartphone\/tablet del usuario al acceder a determinadas p\u00e1ginas web para almacenar y recuperar informaci\u00f3n sobre la navegaci\u00f3n que se efect\u00faa desde dicho equipo. Para conocer m\u00e1s informaci\u00f3n sobre las cookies, GLOBUS DE LA CERDANYA, S.L..&hellip; <\/p>\n","protected":false},"author":1,"featured_media":0,"parent":0,"menu_order":0,"comment_status":"closed","ping_status":"closed","template":"","meta":{"_monsterinsights_skip_tracking":false,"_monsterinsights_sitenote_active":false,"_monsterinsights_sitenote_note":"","_monsterinsights_sitenote_category":0},"_links":{"self":[{"href":"https:\/\/www.globospi.com\/es\/wp-json\/wp\/v2\/pages\/89"}],"collection":[{"href":"https:\/\/www.globospi.com\/es\/wp-json\/wp\/v2\/pages"}],"about":[{"href":"https:\/\/www.globospi.com\/es\/wp-json\/wp\/v2\/types\/page"}],"author":[{"embeddable":true,"href":"https:\/\/www.globospi.com\/es\/wp-json\/wp\/v2\/users\/1"}],"replies":[{"embeddable":true,"href":"https:\/\/www.globospi.com\/es\/wp-json\/wp\/v2\/comments?post=89"}],"version-history":[{"count":8,"href":"https:\/\/www.globospi.com\/es\/wp-json\/wp\/v2\/pages\/89\/revisions"}],"predecessor-version":[{"id":472,"href":"https:\/\/www.globospi.com\/es\/wp-json\/wp\/v2\/pages\/89\/revisions\/472"}],"wp:attachment":[{"href":"https:\/\/www.globospi.com\/es\/wp-json\/wp\/v2\/media?parent=89"}],"curies":[{"name":"wp","href":"https:\/\/api.w.org\/{rel}","templated":true}]}}