{"id":93,"date":"2014-06-25T12:08:44","date_gmt":"2014-06-25T12:08:44","guid":{"rendered":"http:\/\/www.globospi.com\/wp_pruebas\/?page_id=93"},"modified":"2016-05-01T11:14:37","modified_gmt":"2016-05-01T11:14:37","slug":"preguntes-frequents","status":"publish","type":"page","link":"https:\/\/www.globospi.com\/es\/preguntes-frequents\/","title":{"rendered":"Preguntas Frecuentes"},"content":{"rendered":"<p><\/p>\n<p><\/p>\n<h3>Preguntas Frecuentes<\/h3>\n<h4>\u00bfSe puede volar todo el a\u00f1o?<\/h4>\n<p><strong>S\u00ed<\/strong>. Todas las estaciones del a\u00f1o son buenas para volar. <strong>Cada estaci\u00f3n tiene su encanto<\/strong>. Os recomendamos escoger la que m\u00e1s os guste a vosotros en funci\u00f3n del paisage.<\/p>\n<h4>&#8230;\u00bfy no hace mucho fr\u00edo en invierno?<\/h4>\n<p><strong>No<\/strong>. El globo se mueve en la misma direcci\u00f3n y velocidad que el flujo de viento en el que se encuentra. Simplemente hay que ir <strong>vestido segun la \u00e9poca del a\u00f1o<\/strong> <strong>y con un buen calzado<\/strong>.<\/p>\n<p><img loading=\"lazy\" class=\"alignright\" src=\"\/images\/globospi.com-preguntesfrequents1.jpg\" alt=\"\" width=\"286\" height=\"250\" \/><\/p>\n<h4>\u00bfPor qu\u00e9 volamos siempre tan temprano?<\/h4>\n<p>Porque es el momento en el que hay m\u00e1s estabilidad atmosf\u00e9rica, elemento imprescindible para la <strong>seguridad<\/strong> en los vuelos en globo.<\/p>\n<h4>\u00bfC\u00f3mo se llega al Aer\u00f3dromo?<\/h4>\n<p>Se llega c\u00f3modamente <strong>desde<\/strong> el pueblo de <strong>Alp<\/strong>. Para llegar, no es necesario entrar en el pueblo. Desde el cruce del pueblo con la carretera E-9 sale un caminito en direcci\u00f3n al Aer\u00f3dromo.<\/p>\n<p><a title=\"Clica aqu\u00ed para ver la ubicaci\u00f3n.\" href=\"?page_id=74&#038;lang=es\">Clica aqu\u00ed para ver la ubicaci\u00f3n.<\/a><\/p>\n<h4>Duermo en un hotel de La Cerdanya, pero no tengo coche per llegar al Aer\u00f3dromo. \u00bfC\u00f3mo lo hago?<\/h4>\n<p>No te preocupes, nosotros <strong>te venimos a buscar<\/strong>.<\/p>\n<h4>\u00bfQu\u00e9 pasa si debido al mal tiempo no podemos volar?<\/h4>\n<p>Dos di\u00e1s antes del vuelo en globo nos pondremos en contacto contigo para confirmarte que la previsi\u00f3n meteorol\u00f3gica es favorable.<\/p>\n<p>En La Cerdanya se puede volar casi todos d\u00edas del a\u00f1o, pero <strong>la seguridad est\u00e1 por encima de todo<\/strong>. Si el d\u00eda no es adecuado para realizar el vuelo en globo en buenas condiciones, <strong>el piloto aplazar\u00e1 el vuelo<\/strong>.<\/p>\n<p>L\u00f3gicamente, el hecho de que un vuelo se anule no supone <strong>ning\u00fan coste<\/strong> para el cliente.<\/p>\n<h4>\u00bfC\u00f3mo se hace el pago?<\/h4>\n<p>El <strong>pago<\/strong> se puede hacer mediante la reserva online, por transferencia bancaria o en efectivo el mismo d\u00eda del vuelo.<\/p>\n<p>No es necesario hacer paga y se\u00f1al.<\/p>\n<p><\/p>","protected":false},"excerpt":{"rendered":"<p>Preguntas Frecuentes \u00bfSe puede volar todo el a\u00f1o? S\u00ed. Todas las estaciones del a\u00f1o son buenas para volar. Cada estaci\u00f3n tiene su encanto. Os recomendamos escoger la que m\u00e1s os guste a vosotros en funci\u00f3n del paisage. &#8230;\u00bfy no hace mucho fr\u00edo en invierno? No. El globo se mueve en&hellip; <\/p>\n","protected":false},"author":1,"featured_media":0,"parent":0,"menu_order":0,"comment_status":"closed","ping_status":"closed","template":"","meta":{"_monsterinsights_skip_tracking":false,"_monsterinsights_sitenote_active":false,"_monsterinsights_sitenote_note":"","_monsterinsights_sitenote_category":0},"_links":{"self":[{"href":"https:\/\/www.globospi.com\/es\/wp-json\/wp\/v2\/pages\/93"}],"collection":[{"href":"https:\/\/www.globospi.com\/es\/wp-json\/wp\/v2\/pages"}],"about":[{"href":"https:\/\/www.globospi.com\/es\/wp-json\/wp\/v2\/types\/page"}],"author":[{"embeddable":true,"href":"https:\/\/www.globospi.com\/es\/wp-json\/wp\/v2\/users\/1"}],"replies":[{"embeddable":true,"href":"https:\/\/www.globospi.com\/es\/wp-json\/wp\/v2\/comments?post=93"}],"version-history":[{"count":31,"href":"https:\/\/www.globospi.com\/es\/wp-json\/wp\/v2\/pages\/93\/revisions"}],"predecessor-version":[{"id":839,"href":"https:\/\/www.globospi.com\/es\/wp-json\/wp\/v2\/pages\/93\/revisions\/839"}],"wp:attachment":[{"href":"https:\/\/www.globospi.com\/es\/wp-json\/wp\/v2\/media?parent=93"}],"curies":[{"name":"wp","href":"https:\/\/api.w.org\/{rel}","templated":true}]}}