{"id":2,"date":"2014-06-20T04:50:58","date_gmt":"2014-06-20T04:50:58","guid":{"rendered":"http:\/\/www.globospi.com\/wp_pruebas\/?page_id=2"},"modified":"2024-05-02T10:23:08","modified_gmt":"2024-05-02T10:23:08","slug":"pagina-ejemplo","status":"publish","type":"page","link":"https:\/\/www.globospi.com\/fr\/","title":{"rendered":"Accueil"},"content":{"rendered":"<p><\/p>\n<p style=\"text-align: justify;\"><strong>Globus de la Cerdanya<\/strong> est une petite entreprise consacr\u00e9e aux vols touristiques en ballon \u00e0 La Cerdagne avec une longue exp\u00e9rience en vols en ballon \u00e0 la r\u00e9gion.<\/p>\n<p>Avec si\u00e8ge \u00e0 <strong>l&rsquo;A\u00e9rodrome de La Cerdagne<\/strong>, nous avons vol\u00e9 depuis 1992, et nous continuons aiment \u00e7a parce que chaque jour est une nouvelle aventure.<\/p>\n<p>Tout l&rsquo;\u00e9quipe de Globus de la Cerdanya est compose de <strong>gens de Cerdagne<\/strong>, professionnels qui sont passionn\u00e9es de l&rsquo;a\u00e9rostation.<\/p>","protected":false},"excerpt":{"rendered":"<p>Globus de la Cerdanya est une petite entreprise consacr\u00e9e aux vols touristiques en ballon \u00e0 La Cerdagne avec une longue exp\u00e9rience en vols en ballon \u00e0 la r\u00e9gion. Avec si\u00e8ge \u00e0 l&rsquo;A\u00e9rodrome de La Cerdagne, nous avons vol\u00e9 depuis 1992, et nous continuons aiment \u00e7a parce que chaque jour est&hellip; <\/p>\n","protected":false},"author":1,"featured_media":0,"parent":0,"menu_order":0,"comment_status":"closed","ping_status":"closed","template":"","meta":{"_monsterinsights_skip_tracking":false,"_monsterinsights_sitenote_active":false,"_monsterinsights_sitenote_note":"","_monsterinsights_sitenote_category":0},"_links":{"self":[{"href":"https:\/\/www.globospi.com\/fr\/wp-json\/wp\/v2\/pages\/2"}],"collection":[{"href":"https:\/\/www.globospi.com\/fr\/wp-json\/wp\/v2\/pages"}],"about":[{"href":"https:\/\/www.globospi.com\/fr\/wp-json\/wp\/v2\/types\/page"}],"author":[{"embeddable":true,"href":"https:\/\/www.globospi.com\/fr\/wp-json\/wp\/v2\/users\/1"}],"replies":[{"embeddable":true,"href":"https:\/\/www.globospi.com\/fr\/wp-json\/wp\/v2\/comments?post=2"}],"version-history":[{"count":122,"href":"https:\/\/www.globospi.com\/fr\/wp-json\/wp\/v2\/pages\/2\/revisions"}],"predecessor-version":[{"id":894,"href":"https:\/\/www.globospi.com\/fr\/wp-json\/wp\/v2\/pages\/2\/revisions\/894"}],"wp:attachment":[{"href":"https:\/\/www.globospi.com\/fr\/wp-json\/wp\/v2\/media?parent=2"}],"curies":[{"name":"wp","href":"https:\/\/api.w.org\/{rel}","templated":true}]}}