{"id":49,"date":"2014-06-21T09:46:58","date_gmt":"2014-06-21T09:46:58","guid":{"rendered":"http:\/\/www.globospi.com\/wp_pruebas\/?page_id=49"},"modified":"2014-07-22T17:49:53","modified_gmt":"2014-07-22T17:49:53","slug":"vols-per-a-grups","status":"publish","type":"page","link":"https:\/\/www.globospi.com\/fr\/vols-per-a-grups\/","title":{"rendered":"Vols pour Groupes"},"content":{"rendered":"<p><\/p>\n<p style=\"text-align: justify;\"><img loading=\"lazy\" class=\"alignright\" src=\"http:\/\/www.globospi.com\/images\/globospi.com-volsperagrups1.jpg\" alt=\"\" width=\"286\" height=\"381\" \/><strong>Famille et Amis<\/strong><\/p>\n<p style=\"text-align: justify;\">Si vous \u00eates un groupe d&rsquo;amis, ou si vous souhaitez voyager avec la famille: demander un devis personnalis\u00e9.<br \/>\nVoler en ballon: une activit\u00e9 pour toute la famille et pour tous les ag\u00e9s.<\/p>\n<p style=\"text-align: justify;\"><strong>Groupes d&rsquo;enterprises<\/strong><br \/>\nLes activit\u00e9s de groupe sont la meilleure mani\u00e8re d&rsquo;encourager unes bonnes vibrations entre les coll\u00e8gues. Partagez une exp\u00e9rience de ce genre est toujours positif pour la performance et la motivation d&rsquo;une \u00e9quipe.<br \/>\nEst une occasion unique pour les coll\u00e8gues de vivre une exp\u00e9rience dehors de l&rsquo;environnement de travail.<\/p>\n<p><\/p>","protected":false},"excerpt":{"rendered":"<p>Famille et Amis Si vous \u00eates un groupe d&rsquo;amis, ou si vous souhaitez voyager avec la famille: demander un devis personnalis\u00e9. Voler en ballon: une activit\u00e9 pour toute la famille et pour tous les ag\u00e9s. Groupes d&rsquo;enterprises Les activit\u00e9s de groupe sont la meilleure mani\u00e8re d&rsquo;encourager unes bonnes vibrations entre&hellip; <\/p>\n","protected":false},"author":1,"featured_media":0,"parent":0,"menu_order":0,"comment_status":"closed","ping_status":"open","template":"","meta":{"_monsterinsights_skip_tracking":false,"_monsterinsights_sitenote_active":false,"_monsterinsights_sitenote_note":"","_monsterinsights_sitenote_category":0},"_links":{"self":[{"href":"https:\/\/www.globospi.com\/fr\/wp-json\/wp\/v2\/pages\/49"}],"collection":[{"href":"https:\/\/www.globospi.com\/fr\/wp-json\/wp\/v2\/pages"}],"about":[{"href":"https:\/\/www.globospi.com\/fr\/wp-json\/wp\/v2\/types\/page"}],"author":[{"embeddable":true,"href":"https:\/\/www.globospi.com\/fr\/wp-json\/wp\/v2\/users\/1"}],"replies":[{"embeddable":true,"href":"https:\/\/www.globospi.com\/fr\/wp-json\/wp\/v2\/comments?post=49"}],"version-history":[{"count":20,"href":"https:\/\/www.globospi.com\/fr\/wp-json\/wp\/v2\/pages\/49\/revisions"}],"predecessor-version":[{"id":554,"href":"https:\/\/www.globospi.com\/fr\/wp-json\/wp\/v2\/pages\/49\/revisions\/554"}],"wp:attachment":[{"href":"https:\/\/www.globospi.com\/fr\/wp-json\/wp\/v2\/media?parent=49"}],"curies":[{"name":"wp","href":"https:\/\/api.w.org\/{rel}","templated":true}]}}