{"id":56,"date":"2014-06-21T09:50:53","date_gmt":"2014-06-21T09:50:53","guid":{"rendered":"http:\/\/www.globospi.com\/wp_pruebas\/?page_id=56"},"modified":"2025-03-26T08:57:51","modified_gmt":"2025-03-26T08:57:51","slug":"vol-de-lluna-plena","status":"publish","type":"page","link":"https:\/\/www.globospi.com\/fr\/vol-de-lluna-plena\/","title":{"rendered":"Vols de Pleine Lune"},"content":{"rendered":"<p><img loading=\"lazy\" class=\"alignright wp-image-480 size-medium\" src=\"http:\/\/www.globospi.com\/wp_pruebas\/wp-content\/uploads\/2014\/06\/globuscerdanya-llunaplena-1-300x200.jpg\" alt=\"globuscerdanya-llunaplena-1\" width=\"300\" height=\"200\" srcset=\"https:\/\/www.globospi.com\/wp_pruebas\/wp-content\/uploads\/2014\/06\/globuscerdanya-llunaplena-1-300x200.jpg 300w, https:\/\/www.globospi.com\/wp_pruebas\/wp-content\/uploads\/2014\/06\/globuscerdanya-llunaplena-1.jpg 1024w\" sizes=\"(max-width: 300px) 100vw, 300px\" \/><\/p>\n<h3>Vols de Pleine Lune<\/h3>\n<p>Le Vol de Pleine Lune est un vol tr\u00e8s sp\u00e9cial qui se peut faire seulement quelques jours de l&rsquo;ann\u00e9e.<\/p>\n<p>Si vous voulez faire un vol de Pleine Lune, <a title=\"Contacte\" href=\"http:\/\/www.globospi.com\/wp_pruebas\/contacte\/\">contactez-nous<\/a>.<br \/>\nPrix (Vol de Pleine Lune): 400\u20ac \/personne<\/p>\n<p><em><strong>Flottant entre sorci\u00e8res aux couleurs ocres du soleil<strong>.<\/strong><\/strong><\/em><\/p>\n<p><a href=\"http:\/\/www.globospi.com\/wp_pruebas\/wp-content\/uploads\/2014\/06\/globuscerdanya-llunaplena-2.jpg\"><br \/>\n<\/a><a href=\"http:\/\/www.globospi.com\/wp_pruebas\/wp-content\/uploads\/2014\/06\/globuscerdanya-llunaplena-2.jpg\"><img loading=\"lazy\" class=\"alignleft wp-image-481 size-medium\" src=\"http:\/\/www.globospi.com\/wp_pruebas\/wp-content\/uploads\/2014\/06\/globuscerdanya-llunaplena-2-300x200.jpg\" alt=\"globuscerdanya-llunaplena-2\" width=\"300\" height=\"200\" srcset=\"https:\/\/www.globospi.com\/wp_pruebas\/wp-content\/uploads\/2014\/06\/globuscerdanya-llunaplena-2-300x200.jpg 300w, https:\/\/www.globospi.com\/wp_pruebas\/wp-content\/uploads\/2014\/06\/globuscerdanya-llunaplena-2.jpg 1024w\" sizes=\"(max-width: 300px) 100vw, 300px\" \/><\/a><a href=\"http:\/\/www.globospi.com\/wp_pruebas\/wp-content\/uploads\/2014\/06\/globuscerdanya-llunaplena-3.jpg\"><img loading=\"lazy\" class=\"alignright wp-image-479 size-medium\" src=\"http:\/\/www.globospi.com\/wp_pruebas\/wp-content\/uploads\/2014\/06\/globuscerdanya-llunaplena-3-300x200.jpg\" alt=\"globuscerdanya-llunaplena-3\" width=\"300\" height=\"200\" srcset=\"https:\/\/www.globospi.com\/wp_pruebas\/wp-content\/uploads\/2014\/06\/globuscerdanya-llunaplena-3-300x200.jpg 300w, https:\/\/www.globospi.com\/wp_pruebas\/wp-content\/uploads\/2014\/06\/globuscerdanya-llunaplena-3.jpg 1024w\" sizes=\"(max-width: 300px) 100vw, 300px\" \/><\/a><\/p>","protected":false},"excerpt":{"rendered":"<p>Vols de Pleine Lune Le Vol de Pleine Lune est un vol tr\u00e8s sp\u00e9cial qui se peut faire seulement quelques jours de l&rsquo;ann\u00e9e. Si vous voulez faire un vol de Pleine Lune, contactez-nous. Prix (Vol de Pleine Lune): 400\u20ac \/personne Flottant entre sorci\u00e8res aux couleurs ocres du soleil.<\/p>\n","protected":false},"author":1,"featured_media":0,"parent":0,"menu_order":0,"comment_status":"closed","ping_status":"open","template":"","meta":{"_monsterinsights_skip_tracking":false,"_monsterinsights_sitenote_active":false,"_monsterinsights_sitenote_note":"","_monsterinsights_sitenote_category":0},"_links":{"self":[{"href":"https:\/\/www.globospi.com\/fr\/wp-json\/wp\/v2\/pages\/56"}],"collection":[{"href":"https:\/\/www.globospi.com\/fr\/wp-json\/wp\/v2\/pages"}],"about":[{"href":"https:\/\/www.globospi.com\/fr\/wp-json\/wp\/v2\/types\/page"}],"author":[{"embeddable":true,"href":"https:\/\/www.globospi.com\/fr\/wp-json\/wp\/v2\/users\/1"}],"replies":[{"embeddable":true,"href":"https:\/\/www.globospi.com\/fr\/wp-json\/wp\/v2\/comments?post=56"}],"version-history":[{"count":29,"href":"https:\/\/www.globospi.com\/fr\/wp-json\/wp\/v2\/pages\/56\/revisions"}],"predecessor-version":[{"id":902,"href":"https:\/\/www.globospi.com\/fr\/wp-json\/wp\/v2\/pages\/56\/revisions\/902"}],"wp:attachment":[{"href":"https:\/\/www.globospi.com\/fr\/wp-json\/wp\/v2\/media?parent=56"}],"curies":[{"name":"wp","href":"https:\/\/api.w.org\/{rel}","templated":true}]}}