{"id":62,"date":"2014-06-21T09:54:12","date_gmt":"2014-06-21T09:54:12","guid":{"rendered":"http:\/\/www.globospi.com\/wp_pruebas\/?page_id=62"},"modified":"2024-05-14T09:56:38","modified_gmt":"2024-05-14T09:56:38","slug":"regala-un-vol","status":"publish","type":"page","link":"https:\/\/www.globospi.com\/fr\/regala-un-vol\/","title":{"rendered":"Offrir un Vol"},"content":{"rendered":"<p>&nbsp;<\/p>\n<h3 style=\"text-align: justify;\"><img loading=\"lazy\" class=\"alignright wp-image-475 size-medium\" src=\"http:\/\/www.globospi.com\/wp_pruebas\/wp-content\/uploads\/2014\/06\/globospi.com-regalaunvol1-300x276.jpg\" alt=\"globospi.com-regalaunvol1\" width=\"300\" height=\"276\" srcset=\"https:\/\/www.globospi.com\/wp_pruebas\/wp-content\/uploads\/2014\/06\/globospi.com-regalaunvol1-300x276.jpg 300w, https:\/\/www.globospi.com\/wp_pruebas\/wp-content\/uploads\/2014\/06\/globospi.com-regalaunvol1.jpg 358w\" sizes=\"(max-width: 300px) 100vw, 300px\" \/>Offrir un Vol!<\/h3>\n<p style=\"text-align: justify;\"><strong>Offrez-vous un vol<\/strong> en ballon a qui vous voulez et nous vous envoyerons (par courrier postal o par email) le <strong>ch\u00e8que-cadeau personnalis\u00e9<\/strong>.<\/p>\n<p style=\"text-align: justify;\">Si vous voulez commander un ch\u00e8que-cadeau, vous pouvez remplir notre formulaire.<\/p>\n<p style=\"text-align: justify;\">Voulez-vous le ch\u00e8que-cadeau avec une <strong>phrase personnel<\/strong>? Ecrivez-vous la phrase dans la case \u00ab\u00a0phrase\u00a0\u00bb.<\/p>\n<p>Prix d&rsquo;adulte: <strong>160 \u20ac\/personne<\/strong><\/p>\n<p>Prix d&rsquo;enfant (jusqu&rsquo;au 12 ans): <strong>85 \u20ac\/personne<\/strong><\/p>\n<p>Petit d\u00e9jeuner (optionnel): <strong>10 \u20ac\/personne<\/strong><\/p>\n<p>Le <strong>paiement<\/strong> peut \u00eatre online (avec una r\u00e9duction du 5%),\u00a0ou en esp\u00e8ces le jour du vol.<\/p>","protected":false},"excerpt":{"rendered":"<p>&nbsp; Offrir un Vol! Offrez-vous un vol en ballon a qui vous voulez et nous vous envoyerons (par courrier postal o par email) le ch\u00e8que-cadeau personnalis\u00e9. Si vous voulez commander un ch\u00e8que-cadeau, vous pouvez remplir notre formulaire. Voulez-vous le ch\u00e8que-cadeau avec une phrase personnel? Ecrivez-vous la phrase dans la case&hellip; <\/p>\n","protected":false},"author":1,"featured_media":0,"parent":0,"menu_order":0,"comment_status":"closed","ping_status":"open","template":"","meta":{"_monsterinsights_skip_tracking":false,"_monsterinsights_sitenote_active":false,"_monsterinsights_sitenote_note":"","_monsterinsights_sitenote_category":0},"_links":{"self":[{"href":"https:\/\/www.globospi.com\/fr\/wp-json\/wp\/v2\/pages\/62"}],"collection":[{"href":"https:\/\/www.globospi.com\/fr\/wp-json\/wp\/v2\/pages"}],"about":[{"href":"https:\/\/www.globospi.com\/fr\/wp-json\/wp\/v2\/types\/page"}],"author":[{"embeddable":true,"href":"https:\/\/www.globospi.com\/fr\/wp-json\/wp\/v2\/users\/1"}],"replies":[{"embeddable":true,"href":"https:\/\/www.globospi.com\/fr\/wp-json\/wp\/v2\/comments?post=62"}],"version-history":[{"count":60,"href":"https:\/\/www.globospi.com\/fr\/wp-json\/wp\/v2\/pages\/62\/revisions"}],"predecessor-version":[{"id":899,"href":"https:\/\/www.globospi.com\/fr\/wp-json\/wp\/v2\/pages\/62\/revisions\/899"}],"wp:attachment":[{"href":"https:\/\/www.globospi.com\/fr\/wp-json\/wp\/v2\/media?parent=62"}],"curies":[{"name":"wp","href":"https:\/\/api.w.org\/{rel}","templated":true}]}}