{"id":64,"date":"2014-06-21T09:54:31","date_gmt":"2014-06-21T09:54:31","guid":{"rendered":"http:\/\/www.globospi.com\/wp_pruebas\/?page_id=64"},"modified":"2014-07-23T16:35:03","modified_gmt":"2014-07-23T16:35:03","slug":"vols-captius","status":"publish","type":"page","link":"https:\/\/www.globospi.com\/fr\/vols-captius\/","title":{"rendered":"Vols Captifs"},"content":{"rendered":"<p><\/p>\n<h3><img loading=\"lazy\" class=\"imgright alignright\" src=\"\/images\/globospi.com-volscaptius1.jpg\" alt=\"globospi-vol-captiu1\" width=\"328\" height=\"391\" align=\"center\" \/>Vols Captifs<\/h3>\n<p>Vols captifs pour les \u00e9coles, mariages, f\u00eates, etc.<\/p>\n<p>Si vous voulez commander un vol captif, s&rsquo;il vous pla\u00eet nous <a title=\"Contacte\" href=\"http:\/\/www.globospi.com\/wp_pruebas\/contacte\/\">contacter-nous<\/a> par t\u00e9l\u00e9phone ou par email.<\/p>","protected":false},"excerpt":{"rendered":"<p>Vols Captifs Vols captifs pour les \u00e9coles, mariages, f\u00eates, etc. Si vous voulez commander un vol captif, s&rsquo;il vous pla\u00eet nous contacter-nous par t\u00e9l\u00e9phone ou par email.<\/p>\n","protected":false},"author":1,"featured_media":0,"parent":0,"menu_order":0,"comment_status":"closed","ping_status":"open","template":"","meta":{"_monsterinsights_skip_tracking":false,"_monsterinsights_sitenote_active":false,"_monsterinsights_sitenote_note":"","_monsterinsights_sitenote_category":0},"_links":{"self":[{"href":"https:\/\/www.globospi.com\/fr\/wp-json\/wp\/v2\/pages\/64"}],"collection":[{"href":"https:\/\/www.globospi.com\/fr\/wp-json\/wp\/v2\/pages"}],"about":[{"href":"https:\/\/www.globospi.com\/fr\/wp-json\/wp\/v2\/types\/page"}],"author":[{"embeddable":true,"href":"https:\/\/www.globospi.com\/fr\/wp-json\/wp\/v2\/users\/1"}],"replies":[{"embeddable":true,"href":"https:\/\/www.globospi.com\/fr\/wp-json\/wp\/v2\/comments?post=64"}],"version-history":[{"count":12,"href":"https:\/\/www.globospi.com\/fr\/wp-json\/wp\/v2\/pages\/64\/revisions"}],"predecessor-version":[{"id":570,"href":"https:\/\/www.globospi.com\/fr\/wp-json\/wp\/v2\/pages\/64\/revisions\/570"}],"wp:attachment":[{"href":"https:\/\/www.globospi.com\/fr\/wp-json\/wp\/v2\/media?parent=64"}],"curies":[{"name":"wp","href":"https:\/\/api.w.org\/{rel}","templated":true}]}}