{"id":689,"date":"2014-09-09T22:05:22","date_gmt":"2014-09-09T22:05:22","guid":{"rendered":"http:\/\/www.globospi.com\/?page_id=689"},"modified":"2014-09-14T12:11:14","modified_gmt":"2014-09-14T12:11:14","slug":"pagoko","status":"publish","type":"page","link":"https:\/\/www.globospi.com\/fr\/pagoko\/","title":{"rendered":"Paiement latent"},"content":{"rendered":"<h2>Pago No Realizado<\/h2>\n<p><a href=\"https:\/\/www.globospi.com\/wp_pruebas\/wp-content\/uploads\/2014\/09\/error.png\"><img class=\"alignnone wp-image-701\" src=\"http:\/\/www.globospi.com\/wp_pruebas\/wp-content\/uploads\/2014\/09\/error.png\" alt=\"error\" width=\"50\" srcset=\"https:\/\/www.globospi.com\/wp_pruebas\/wp-content\/uploads\/2014\/09\/error.png 320w, https:\/\/www.globospi.com\/wp_pruebas\/wp-content\/uploads\/2014\/09\/error-300x250.png 300w\" sizes=\"(max-width: 320px) 100vw, 320px\" \/><\/a>\u00a0La operaci\u00f3n ha sido cancelada o se ha producido un error<br \/>Puede realizar el pago m\u00e1s tarde siguiendo las instrucciones del correo electr\u00f3nico o bien realizar el pago en el momento del vuelo.<\/p>\n<p>Gracias por confiar en nosotros.&nbsp;<\/p>\n<p><a title=\"P\u00e1gina Principal\" href=\"https:\/\/www.globospi.com\">Volver a la p\u00e1gina principal<\/a><\/p>\n","protected":false},"excerpt":{"rendered":"<p>Pago No Realizado \u00a0La operaci\u00f3n ha sido cancelada o se ha producido un errorPuede realizar el pago m\u00e1s tarde siguiendo las instrucciones del correo electr\u00f3nico o bien realizar el pago en el momento del vuelo. Gracias por confiar en nosotros.&nbsp; Volver a la p\u00e1gina principal<\/p>\n","protected":false},"author":2,"featured_media":0,"parent":0,"menu_order":0,"comment_status":"closed","ping_status":"closed","template":"page-templates\/page-template-gestion.php","meta":{"_monsterinsights_skip_tracking":false,"_monsterinsights_sitenote_active":false,"_monsterinsights_sitenote_note":"","_monsterinsights_sitenote_category":0},"_links":{"self":[{"href":"https:\/\/www.globospi.com\/fr\/wp-json\/wp\/v2\/pages\/689"}],"collection":[{"href":"https:\/\/www.globospi.com\/fr\/wp-json\/wp\/v2\/pages"}],"about":[{"href":"https:\/\/www.globospi.com\/fr\/wp-json\/wp\/v2\/types\/page"}],"author":[{"embeddable":true,"href":"https:\/\/www.globospi.com\/fr\/wp-json\/wp\/v2\/users\/2"}],"replies":[{"embeddable":true,"href":"https:\/\/www.globospi.com\/fr\/wp-json\/wp\/v2\/comments?post=689"}],"version-history":[{"count":5,"href":"https:\/\/www.globospi.com\/fr\/wp-json\/wp\/v2\/pages\/689\/revisions"}],"predecessor-version":[{"id":691,"href":"https:\/\/www.globospi.com\/fr\/wp-json\/wp\/v2\/pages\/689\/revisions\/691"}],"wp:attachment":[{"href":"https:\/\/www.globospi.com\/fr\/wp-json\/wp\/v2\/media?parent=689"}],"curies":[{"name":"wp","href":"https:\/\/api.w.org\/{rel}","templated":true}]}}