{"id":97,"date":"2014-06-25T16:40:19","date_gmt":"2014-06-25T16:40:19","guid":{"rendered":"http:\/\/www.globospi.com\/wp_pruebas\/?page_id=97"},"modified":"2014-07-21T15:43:01","modified_gmt":"2014-07-21T15:43:01","slug":"proteccion-de-datos","status":"publish","type":"page","link":"https:\/\/www.globospi.com\/fr\/proteccion-de-datos\/","title":{"rendered":"Protecci\u00f3n de Datos"},"content":{"rendered":"<p>De conformidad con lo que establece la Ley Org\u00e1nica 15\/1999 de Protecci\u00f3n de Datos de Car\u00e1cter Personal (LOPD), GLOBUS DE LA CERDANYA S.L. informa a los usuarios de su sitio web que los datos personales recabados por la empresa, mediante los formularios sitos en su sitio web, ser\u00e1n introducidos en un fichero automatizado bajo la responsabilidad de GLOBUS DE LA CERDANYA S.L., con la finalidad de poder facilitar, agilizar y cumplir los compromisos establecidos entre ambas partes. Dichos datos no ser\u00e1n facilitados a terceros sin el consentimiento expreso de las partes. <\/p>\n<p>\nPuede ejecer su derecho de acceso, rectificaci\u00f3n, cancelaci\u00f3n u oposici\u00f3n (ARCO) en cualquier momento en GLOBUS DE LA CERDANYA S.L., C\/Llevant, n\u00ba1 Casa 4, 17529 Vilallobent (Puigcerd\u00e0).<br \/>\n<\/p>","protected":false},"excerpt":{"rendered":"<p>De conformidad con lo que establece la Ley Org\u00e1nica 15\/1999 de Protecci\u00f3n de Datos de Car\u00e1cter Personal (LOPD), GLOBUS DE LA CERDANYA S.L. informa a los usuarios de su sitio web que los datos personales recabados por la empresa, mediante los formularios sitos en su sitio web, ser\u00e1n introducidos en&hellip; <\/p>\n","protected":false},"author":1,"featured_media":0,"parent":0,"menu_order":0,"comment_status":"closed","ping_status":"closed","template":"","meta":{"_monsterinsights_skip_tracking":false,"_monsterinsights_sitenote_active":false,"_monsterinsights_sitenote_note":"","_monsterinsights_sitenote_category":0},"_links":{"self":[{"href":"https:\/\/www.globospi.com\/fr\/wp-json\/wp\/v2\/pages\/97"}],"collection":[{"href":"https:\/\/www.globospi.com\/fr\/wp-json\/wp\/v2\/pages"}],"about":[{"href":"https:\/\/www.globospi.com\/fr\/wp-json\/wp\/v2\/types\/page"}],"author":[{"embeddable":true,"href":"https:\/\/www.globospi.com\/fr\/wp-json\/wp\/v2\/users\/1"}],"replies":[{"embeddable":true,"href":"https:\/\/www.globospi.com\/fr\/wp-json\/wp\/v2\/comments?post=97"}],"version-history":[{"count":3,"href":"https:\/\/www.globospi.com\/fr\/wp-json\/wp\/v2\/pages\/97\/revisions"}],"predecessor-version":[{"id":470,"href":"https:\/\/www.globospi.com\/fr\/wp-json\/wp\/v2\/pages\/97\/revisions\/470"}],"wp:attachment":[{"href":"https:\/\/www.globospi.com\/fr\/wp-json\/wp\/v2\/media?parent=97"}],"curies":[{"name":"wp","href":"https:\/\/api.w.org\/{rel}","templated":true}]}}